{"id":227,"date":"2025-11-09T21:09:49","date_gmt":"2025-11-09T20:09:49","guid":{"rendered":"https:\/\/siapro-strojrem.devroom.si\/?page_id=227"},"modified":"2026-02-22T22:52:54","modified_gmt":"2026-02-22T21:52:54","slug":"produkte","status":"publish","type":"page","link":"https:\/\/siapro-strojrem.devroom.si\/de\/products\/","title":{"rendered":"Produkte"},"content":{"rendered":"<section class=\"bde-section-227-316 bde-section\">\n              \n  \n  \n\t\n\n\n\n<div class=\"section-container\"><h1 class=\"bde-heading-227-102 bde-heading\">\nProdukte\n<\/h1><div class=\"bde-text-227-320 bde-text\">\nWe offer complete conveyor belts solutions\n<\/div><\/div>\n<\/section><section class=\"bde-section-227-332 bde-section\">\n  \n  \n\t\n\n\n\n<div class=\"section-container\"><div class=\"bde-text-227-334 bde-text\">\nSTROJREM specializes in the design, production, and installation of conveyor and industrial transport systems for bulk and unit material handling. We deliver reliable, high-performance solutions tailored to the needs of modern industry.\n<\/div><\/div>\n<\/section><section id=\"podjetja\" class=\"bde-section-227-399 bde-section\">\n  \n  \n\t\n\n\n\n<div class=\"section-container\"><h2 class=\"bde-heading-227-400 bde-heading heading-with-bar\">\nOur conveyor belt solutions\n<\/h2><\/div>\n<\/section><section class=\"bde-section-227-385 bde-section\">\n              \n  \n  \n\t\n\n  <div class=\"section-background-overlay\"><\/div>\n\n\n<div class=\"section-container\"><div class=\"bde-grid-227-401 bde-grid\">\n  \n  \n\t\n\n\n\n<div class=\"bde-image-box-227-404 bde-image-box\">\n<div class=\"ee-imagebox-image\">\n  <img loading=\"lazy\" decoding=\"async\" class=\"breakdance-image-object\" src=\"https:\/\/siapro-strojrem.devroom.si\/wp-content\/uploads\/2026\/02\/transporteri-Strojrem-1-1024x576-1.jpg\" width=\"1024\" height=\"576\" srcset=\"https:\/\/siapro-strojrem.devroom.si\/wp-content\/uploads\/2026\/02\/transporteri-Strojrem-1-1024x576-1.jpg 1024w, https:\/\/siapro-strojrem.devroom.si\/wp-content\/uploads\/2026\/02\/transporteri-Strojrem-1-1024x576-1-300x169.jpg 300w, https:\/\/siapro-strojrem.devroom.si\/wp-content\/uploads\/2026\/02\/transporteri-Strojrem-1-1024x576-1-768x432.jpg 768w, https:\/\/siapro-strojrem.devroom.si\/wp-content\/uploads\/2026\/02\/transporteri-Strojrem-1-1024x576-1-18x10.jpg 18w\" sizes=\"auto, (max-width: 1024px) 100vw, 1024px\">\n<\/div>\n<div class=\"ee-imagebox-content\">\n      <p class=\"ee-imagebox-title bde-h3\" >Industrielle Sch\u00fcttgutl\u00f6sungen<\/p>\n    \n      <div class=\"ee-imagebox-text\" >Komplette Systeme f\u00fcr den Umschlag von Sch\u00fcttgut in anspruchsvollen industriellen Umgebungen. Wir entwickeln und fertigen Hochleistungs-F\u00f6rdersysteme, Annahmestationen, Lagerl\u00f6sungen und Transportger\u00e4te, die auf die Bergbau-, Zement-, Energie-, Hafen- und Agrarindustrie zugeschnitten sind. Unsere L\u00f6sungen gew\u00e4hrleisten einen zuverl\u00e4ssigen Betrieb, Langlebigkeit und einen optimierten Materialfluss von der Annahme bis zur Endverarbeitung.<\/div>\n    \n          \n                                    \n    \n    \n    \n    \n            \n                    \n            \n            \n\n    \n    \n    \n    \n    \n    <a class=\"breakdance-link button-atom button-atom--primary ee-imagebox-button\" href=\"https:\/\/siapro-strojrem.devroom.si\/de\/produkte\/industrielle-massengutlosungen\/\" target=\"_self\" data-type=\"url\"  >\n\n    \n        <span class=\"button-atom__text\">Mehr lesen<\/span>\n\n        \n        \n                <\/a>\n\n    \n\n  <\/div>\n\n<\/div><div class=\"bde-image-box-227-418 bde-image-box\">\n<div class=\"ee-imagebox-image\">\n  <img loading=\"lazy\" decoding=\"async\" class=\"breakdance-image-object\" src=\"https:\/\/siapro-strojrem.devroom.si\/wp-content\/uploads\/2026\/02\/00-slider-04-1024x640-1.jpg\" width=\"1024\" height=\"640\" srcset=\"https:\/\/siapro-strojrem.devroom.si\/wp-content\/uploads\/2026\/02\/00-slider-04-1024x640-1.jpg 1024w, https:\/\/siapro-strojrem.devroom.si\/wp-content\/uploads\/2026\/02\/00-slider-04-1024x640-1-300x188.jpg 300w, https:\/\/siapro-strojrem.devroom.si\/wp-content\/uploads\/2026\/02\/00-slider-04-1024x640-1-768x480.jpg 768w, https:\/\/siapro-strojrem.devroom.si\/wp-content\/uploads\/2026\/02\/00-slider-04-1024x640-1-18x12.jpg 18w\" sizes=\"auto, (max-width: 1024px) 100vw, 1024px\">\n<\/div>\n<div class=\"ee-imagebox-content\">\n      <p class=\"ee-imagebox-title bde-h3\" >Manipulation von St\u00fcck- und Leichtgut<\/p>\n    \n      <div class=\"ee-imagebox-text\" >Effiziente F\u00f6rder- und Handhabungssysteme f\u00fcr die interne Logistik, f\u00fcr Produktionsanlagen und Lagerh\u00e4user. Wir liefern schl\u00fcsselfertige L\u00f6sungen einschlie\u00dflich Sortierlinien, Palettentransport, Wiegesysteme und integrierte Logistikprozesse. Unsere auf Flexibilit\u00e4t und Pr\u00e4zision ausgelegten Systeme verbessern die Effizienz der Arbeitsabl\u00e4ufe und sorgen f\u00fcr einen reibungslosen Materialtransport in den Anlagen.<\/div>\n    \n          \n                                    \n    \n    \n    \n    \n            \n                    \n            \n            \n\n    \n    \n    \n    \n    \n    <a class=\"breakdance-link button-atom button-atom--primary ee-imagebox-button\" href=\"https:\/\/siapro-strojrem.devroom.si\/de\/produkte\/manipulation-von-stuck-und-leichtgut\/\" target=\"_self\" data-type=\"url\"  >\n\n    \n        <span class=\"button-atom__text\">Mehr lesen<\/span>\n\n        \n        \n                <\/a>\n\n    \n\n  <\/div>\n\n<\/div><div class=\"bde-image-box-227-416 bde-image-box\">\n<div class=\"ee-imagebox-image\">\n  <img loading=\"lazy\" decoding=\"async\" class=\"breakdance-image-object\" src=\"https:\/\/siapro-strojrem.devroom.si\/wp-content\/uploads\/2026\/02\/waste-recycling-equipment-problemo-1024x576-1.jpg\" width=\"1024\" height=\"576\" srcset=\"https:\/\/siapro-strojrem.devroom.si\/wp-content\/uploads\/2026\/02\/waste-recycling-equipment-problemo-1024x576-1.jpg 1024w, https:\/\/siapro-strojrem.devroom.si\/wp-content\/uploads\/2026\/02\/waste-recycling-equipment-problemo-1024x576-1-300x169.jpg 300w, https:\/\/siapro-strojrem.devroom.si\/wp-content\/uploads\/2026\/02\/waste-recycling-equipment-problemo-1024x576-1-768x432.jpg 768w, https:\/\/siapro-strojrem.devroom.si\/wp-content\/uploads\/2026\/02\/waste-recycling-equipment-problemo-1024x576-1-18x10.jpg 18w\" sizes=\"auto, (max-width: 1024px) 100vw, 1024px\">\n<\/div>\n<div class=\"ee-imagebox-content\">\n      <p class=\"ee-imagebox-title bde-h3\" >Mobile F\u00f6rderanlagen<\/p>\n    \n      <div class=\"ee-imagebox-text\" >Flexible und leistungsstarke mobile F\u00f6rdersysteme f\u00fcr den Materialtransport vor Ort. Unsere mobilen L\u00f6sungen sind ideal f\u00fcr Be- und Entlade- sowie Transfervorg\u00e4nge und bieten Mobilit\u00e4t, schnellen Einsatz und zuverl\u00e4ssige Leistung in verschiedenen Branchen. Sie sind auf Langlebigkeit und Effizienz ausgelegt und unterst\u00fctzen einen optimierten Sch\u00fcttguttransport, wo immer dieser ben\u00f6tigt wird.<\/div>\n    \n          \n                                    \n    \n    \n    \n    \n            \n                    \n            \n            \n\n    \n    \n    \n    \n    \n    <a class=\"breakdance-link button-atom button-atom--primary ee-imagebox-button\" href=\"https:\/\/siapro-strojrem.devroom.si\/de\/produkte\/mobile-conveyors\/\" target=\"_self\" data-type=\"url\"  >\n\n    \n        <span class=\"button-atom__text\">Mehr lesen<\/span>\n\n        \n        \n                <\/a>\n\n    \n\n  <\/div>\n\n<\/div>\n<\/div><\/div>\n<\/section><section class=\"bde-section-227-431 bde-section\">\n  \n  \n\t\n\n\n\n        <div class=\"section-shape-divider-wrapper section-shape-divider-wrapper--1\">\n          <span class=\"section-shape-divider\">\n                      <svg\n                xmlns=\"http:\/\/www.w3.org\/2000\/svg\"\n                viewbox=\"0 0 1440 320\"\n                preserveaspectratio=\"none\"\n            >\n              <path fill=\"currentColor\" fill-opacity=\"1\" d=\"M0,32L40,64C80,96,160,160,240,181.3C320,203,400,181,480,197.3C560,213,640,267,720,261.3C800,256,880,192,960,154.7C1040,117,1120,107,1200,85.3C1280,64,1360,32,1400,16L1440,0L1440,320L1400,320C1360,320,1280,320,1200,320C1120,320,1040,320,960,320C880,320,800,320,720,320C640,320,560,320,480,320C400,320,320,320,240,320C160,320,80,320,40,320L0,320Z\"><\/path>\n            <\/svg>\n                    <\/span>\n      <\/div>\n        <div class=\"section-shape-divider-wrapper section-shape-divider-wrapper--2\">\n          <span class=\"section-shape-divider\">\n                      <svg\n                xmlns=\"http:\/\/www.w3.org\/2000\/svg\"\n                viewbox=\"0 0 1440 320\"\n                preserveaspectratio=\"none\"\n            >\n              <path fill=\"currentColor\" fill-opacity=\"1\" d=\"M0,32L40,64C80,96,160,160,240,181.3C320,203,400,181,480,197.3C560,213,640,267,720,261.3C800,256,880,192,960,154.7C1040,117,1120,107,1200,85.3C1280,64,1360,32,1400,16L1440,0L1440,320L1400,320C1360,320,1280,320,1200,320C1120,320,1040,320,960,320C880,320,800,320,720,320C640,320,560,320,480,320C400,320,320,320,240,320C160,320,80,320,40,320L0,320Z\"><\/path>\n            <\/svg>\n                    <\/span>\n      <\/div>\n  <div class=\"section-container\"><div class=\"bde-div-227-432 bde-div\" data-entrance=\"slideUp\">\n  \n  \n\t\n\n\n\n<div class=\"bde-div-227-433 bde-div\">\n  \n  \n\t\n\n\n\n<h2 class=\"bde-heading-227-434 bde-heading\">\nNehmen Sie Kontakt mit uns auf und lassen Sie sich fachkundig beraten.\n<\/h2><div class=\"bde-text-227-435 bde-text\">\nKontaktieren Sie uns f\u00fcr eine professionelle Beratung oder um ein Angebot f\u00fcr Ihr F\u00f6rdersystem anzufordern.\n<\/div><div class=\"bde-button-227-436 bde-button\">\n    \n                        \n                        \n    \n    \n    \n    \n            \n                    \n            \n            \n\n    \n    \n    \n    \n    \n    <a class=\"breakdance-link button-atom button-atom--custom bde-button__button\" href=\"https:\/\/siapro-strojrem.devroom.si\/de\/contact-us\/\" target=\"_self\" data-type=\"url\"  >\n\n    \n        <span class=\"button-atom__text\">KONTAKT US<\/span>\n\n        \n        \n                <\/a>\n\n    \n\n\n<\/div>\n<\/div>\n<\/div><\/div>\n<\/section>","protected":false},"excerpt":{"rendered":"<p>Products We offer complete conveyor belts solutions STROJREM specializes in the design, production, and installation of conveyor and industrial transport systems for bulk and unit material handling. We deliver reliable, high-performance solutions tailored to the needs of modern industry. Our conveyor belt solutions Industrial bulk cargo solutions Complete systems for handling bulk materials in demanding [&hellip;]<\/p>\n","protected":false},"author":1,"featured_media":0,"parent":0,"menu_order":0,"comment_status":"closed","ping_status":"closed","template":"","meta":{"_breakdance_hide_in_design_set":false,"_breakdance_tags":"","footnotes":""},"class_list":["post-227","page","type-page","status-publish","hentry"],"_links":{"self":[{"href":"https:\/\/siapro-strojrem.devroom.si\/de\/wp-json\/wp\/v2\/pages\/227","targetHints":{"allow":["GET"]}}],"collection":[{"href":"https:\/\/siapro-strojrem.devroom.si\/de\/wp-json\/wp\/v2\/pages"}],"about":[{"href":"https:\/\/siapro-strojrem.devroom.si\/de\/wp-json\/wp\/v2\/types\/page"}],"author":[{"embeddable":true,"href":"https:\/\/siapro-strojrem.devroom.si\/de\/wp-json\/wp\/v2\/users\/1"}],"replies":[{"embeddable":true,"href":"https:\/\/siapro-strojrem.devroom.si\/de\/wp-json\/wp\/v2\/comments?post=227"}],"version-history":[{"count":22,"href":"https:\/\/siapro-strojrem.devroom.si\/de\/wp-json\/wp\/v2\/pages\/227\/revisions"}],"predecessor-version":[{"id":1238,"href":"https:\/\/siapro-strojrem.devroom.si\/de\/wp-json\/wp\/v2\/pages\/227\/revisions\/1238"}],"wp:attachment":[{"href":"https:\/\/siapro-strojrem.devroom.si\/de\/wp-json\/wp\/v2\/media?parent=227"}],"curies":[{"name":"wp","href":"https:\/\/api.w.org\/{rel}","templated":true}]}}